{"id":43,"date":"2022-07-15T20:45:52","date_gmt":"2022-07-15T18:45:52","guid":{"rendered":"https:\/\/erfolgs-tools.de\/?page_id=43"},"modified":"2022-07-26T21:48:29","modified_gmt":"2022-07-26T19:48:29","slug":"43-2","status":"publish","type":"page","link":"https:\/\/erfolgs-tools.de\/","title":{"rendered":"Start"},"content":{"rendered":"<p>[et_pb_section fb_built=&#8220;1&#8243; _builder_version=&#8220;4.17.6&#8243; _module_preset=&#8220;default&#8220; global_colors_info=&#8220;{}&#8220;][et_pb_row _builder_version=&#8220;4.17.6&#8243; _module_preset=&#8220;default&#8220; global_colors_info=&#8220;{}&#8220;][et_pb_column type=&#8220;4_4&#8243; _builder_version=&#8220;4.17.6&#8243; _module_preset=&#8220;default&#8220; global_colors_info=&#8220;{}&#8220;][et_pb_image src=&#8220;https:\/\/erfolgs-tools.de\/wp-content\/uploads\/2022\/07\/erfolgs-tools.de_Logo2.png&#8220; alt=&#8220;ERFOLGS-TOOLS.de &#8211; Erfolg ist machbar!&#8220; title_text=&#8220;ERFOLGS-TOOLS.de &#8211; Erfolg ist machbar!&#8220; align=&#8220;center&#8220; _builder_version=&#8220;4.17.6&#8243; _module_preset=&#8220;default&#8220; hover_enabled=&#8220;0&#8243; global_colors_info=&#8220;{}&#8220; sticky_enabled=&#8220;0&#8243;][\/et_pb_image][\/et_pb_column][\/et_pb_row][\/et_pb_section][et_pb_section fb_built=&#8220;1&#8243; _builder_version=&#8220;4.17.6&#8243; _module_preset=&#8220;default&#8220; global_colors_info=&#8220;{}&#8220;][et_pb_row column_structure=&#8220;1_2,1_2&#8243; _builder_version=&#8220;4.17.6&#8243; _module_preset=&#8220;default&#8220; global_colors_info=&#8220;{}&#8220;][et_pb_column type=&#8220;1_2&#8243; _builder_version=&#8220;4.17.6&#8243; _module_preset=&#8220;default&#8220; global_colors_info=&#8220;{}&#8220;][et_pb_image src=&#8220;https:\/\/erfolgs-tools.de\/wp-content\/uploads\/2022\/07\/ERFOLGS-TOOLS-SPEECHES-min-1.png&#8220; alt=&#8220;ERFOLGS-TOOLS.de &#8211; Erfolg ist machbar!&#8220; title_text=&#8220;ERFOLGS-TOOLS SPEECHES&#8220; _builder_version=&#8220;4.17.6&#8243; _module_preset=&#8220;default&#8220; animation_style=&#8220;slide&#8220; border_radii=&#8220;on|15px|15px|15px|15px&#8220; box_shadow_style=&#8220;preset2&#8243; box_shadow_color=&#8220;rgba(0,0,0,0.6)&#8220; global_colors_info=&#8220;{}&#8220;][\/et_pb_image][\/et_pb_column][et_pb_column type=&#8220;1_2&#8243; _builder_version=&#8220;4.17.6&#8243; _module_preset=&#8220;default&#8220; global_colors_info=&#8220;{}&#8220;][et_pb_text _builder_version=&#8220;4.17.6&#8243; _module_preset=&#8220;default&#8220; global_colors_info=&#8220;{}&#8220;]<\/p>\n<h2>Alles f\u00fcr den Erfolg von&#8230;<\/h2>\n<p>[\/et_pb_text][et_pb_text _builder_version=&#8220;4.17.6&#8243; _module_preset=&#8220;default&#8220; global_colors_info=&#8220;{}&#8220;]<\/p>\n<h2 style=\"text-align: left;\"><strong>Speaker*innen \/ Redner*innen<\/strong><\/h2>\n<p>[\/et_pb_text][et_pb_button button_text=&#8220;Alles f\u00fcr Deinen Erfolg&#8220; button_alignment=&#8220;center&#8220; _builder_version=&#8220;4.17.6&#8243; _module_preset=&#8220;default&#8220; custom_button=&#8220;on&#8220; button_text_color=&#8220;#FFFFFF&#8220; button_bg_color=&#8220;#FFFFFF&#8220; button_bg_use_color_gradient=&#8220;on&#8220; button_bg_color_gradient_direction=&#8220;170deg&#8220; button_bg_color_gradient_stops=&#8220;#b6a06f 44%|#000000 100%&#8220; button_border_width=&#8220;0px&#8220; button_border_color=&#8220;#b6a06f&#8220; button_border_radius=&#8220;50px&#8220; button_letter_spacing=&#8220;0px&#8220; button_use_icon=&#8220;off&#8220; transform_scale=&#8220;140%|140%&#8220; custom_margin=&#8220;319px||||false|false&#8220; animation_style=&#8220;flip&#8220; box_shadow_style=&#8220;preset2&#8243; global_colors_info=&#8220;{}&#8220;][\/et_pb_button][\/et_pb_column][\/et_pb_row][\/et_pb_section][et_pb_section fb_built=&#8220;1&#8243; _builder_version=&#8220;4.17.6&#8243; _module_preset=&#8220;default&#8220; background_color=&#8220;rgba(214,214,214,0.35)&#8220; global_colors_info=&#8220;{}&#8220;][et_pb_row column_structure=&#8220;1_2,1_2&#8243; _builder_version=&#8220;4.17.6&#8243; _module_preset=&#8220;default&#8220; global_colors_info=&#8220;{}&#8220;][et_pb_column type=&#8220;1_2&#8243; _builder_version=&#8220;4.17.6&#8243; _module_preset=&#8220;default&#8220; global_colors_info=&#8220;{}&#8220;][et_pb_text _builder_version=&#8220;4.17.6&#8243; _module_preset=&#8220;default&#8220; global_colors_info=&#8220;{}&#8220;]<\/p>\n<h2>Alles f\u00fcr den Erfolg von&#8230;<\/h2>\n<p>[\/et_pb_text][et_pb_text _builder_version=&#8220;4.17.6&#8243; _module_preset=&#8220;default&#8220; global_colors_info=&#8220;{}&#8220;]<\/p>\n<h2 style=\"text-align: left;\"><strong>Trainer*innen<\/strong><\/h2>\n<p>[\/et_pb_text][et_pb_button button_text=&#8220;Alles f\u00fcr Deinen Erfolg&#8220; button_alignment=&#8220;center&#8220; _builder_version=&#8220;4.17.6&#8243; _module_preset=&#8220;default&#8220; custom_button=&#8220;on&#8220; button_text_color=&#8220;#FFFFFF&#8220; button_bg_color=&#8220;#FFFFFF&#8220; button_bg_use_color_gradient=&#8220;on&#8220; button_bg_color_gradient_direction=&#8220;170deg&#8220; button_bg_color_gradient_stops=&#8220;#b6a06f 44%|#000000 100%&#8220; button_border_width=&#8220;0px&#8220; button_border_color=&#8220;#b6a06f&#8220; button_border_radius=&#8220;50px&#8220; button_letter_spacing=&#8220;0px&#8220; button_use_icon=&#8220;off&#8220; transform_scale=&#8220;140%|140%&#8220; custom_margin=&#8220;319px||||false|false&#8220; animation_style=&#8220;flip&#8220; box_shadow_style=&#8220;preset2&#8243; global_colors_info=&#8220;{}&#8220;][\/et_pb_button][\/et_pb_column][et_pb_column type=&#8220;1_2&#8243; _builder_version=&#8220;4.17.6&#8243; _module_preset=&#8220;default&#8220; global_colors_info=&#8220;{}&#8220;][et_pb_image src=&#8220;https:\/\/erfolgs-tools.de\/wp-content\/uploads\/2022\/07\/ERFOLGS-TOOLS-TRAINER-4-min.png&#8220; alt=&#8220;ERFOLGS-TOOLS.de &#8211; Erfolg ist machbar!&#8220; title_text=&#8220;ERFOLGS-TOOLS FUER TRAINER_INNEN&#8220; _builder_version=&#8220;4.17.6&#8243; _module_preset=&#8220;default&#8220; animation_style=&#8220;slide&#8220; hover_enabled=&#8220;0&#8243; border_radii=&#8220;on|15px|15px|15px|15px&#8220; box_shadow_style=&#8220;preset2&#8243; box_shadow_color=&#8220;rgba(0,0,0,0.6)&#8220; global_colors_info=&#8220;{}&#8220; sticky_enabled=&#8220;0&#8243;][\/et_pb_image][\/et_pb_column][\/et_pb_row][\/et_pb_section][et_pb_section fb_built=&#8220;1&#8243; _builder_version=&#8220;4.17.6&#8243; _module_preset=&#8220;default&#8220; global_colors_info=&#8220;{}&#8220;][et_pb_row column_structure=&#8220;1_2,1_2&#8243; _builder_version=&#8220;4.17.6&#8243; _module_preset=&#8220;default&#8220; global_colors_info=&#8220;{}&#8220;][et_pb_column type=&#8220;1_2&#8243; _builder_version=&#8220;4.17.6&#8243; _module_preset=&#8220;default&#8220; global_colors_info=&#8220;{}&#8220;][et_pb_image src=&#8220;https:\/\/erfolgs-tools.de\/wp-content\/uploads\/2022\/07\/ERFOLGS-TOOLS-FUER-KOMIKER_INNEN-min.png&#8220; alt=&#8220;ERFOLGS-TOOLS.de &#8211; Erfolg ist machbar!&#8220; title_text=&#8220;ERFOLGS-TOOLS FUER KOMIKER_INNEN&#8220; _builder_version=&#8220;4.17.6&#8243; _module_preset=&#8220;default&#8220; animation_style=&#8220;slide&#8220; border_radii=&#8220;on|15px|15px|15px|15px&#8220; box_shadow_style=&#8220;preset2&#8243; box_shadow_color=&#8220;rgba(0,0,0,0.6)&#8220; global_colors_info=&#8220;{}&#8220;][\/et_pb_image][\/et_pb_column][et_pb_column type=&#8220;1_2&#8243; _builder_version=&#8220;4.17.6&#8243; _module_preset=&#8220;default&#8220; global_colors_info=&#8220;{}&#8220;][et_pb_text _builder_version=&#8220;4.17.6&#8243; _module_preset=&#8220;default&#8220; global_colors_info=&#8220;{}&#8220;]<\/p>\n<h2>Alles f\u00fcr den Erfolg von&#8230;<\/h2>\n<p>[\/et_pb_text][et_pb_text _builder_version=&#8220;4.17.6&#8243; _module_preset=&#8220;default&#8220; global_colors_info=&#8220;{}&#8220;]<\/p>\n<h2 style=\"text-align: left;\"><strong>Komiker*innen \/ Kabarettist*innen<\/strong><\/h2>\n<p>[\/et_pb_text][et_pb_button button_text=&#8220;Alles f\u00fcr Deinen Erfolg&#8220; button_alignment=&#8220;center&#8220; _builder_version=&#8220;4.17.6&#8243; _module_preset=&#8220;default&#8220; custom_button=&#8220;on&#8220; button_text_color=&#8220;#FFFFFF&#8220; button_bg_color=&#8220;#FFFFFF&#8220; button_bg_use_color_gradient=&#8220;on&#8220; button_bg_color_gradient_direction=&#8220;170deg&#8220; button_bg_color_gradient_stops=&#8220;#b6a06f 44%|#000000 100%&#8220; button_border_width=&#8220;0px&#8220; button_border_color=&#8220;#b6a06f&#8220; button_border_radius=&#8220;50px&#8220; button_letter_spacing=&#8220;0px&#8220; button_use_icon=&#8220;off&#8220; transform_scale=&#8220;140%|140%&#8220; custom_margin=&#8220;319px||||false|false&#8220; animation_style=&#8220;flip&#8220; box_shadow_style=&#8220;preset2&#8243; global_colors_info=&#8220;{}&#8220;][\/et_pb_button][\/et_pb_column][\/et_pb_row][\/et_pb_section][et_pb_section fb_built=&#8220;1&#8243; _builder_version=&#8220;4.17.6&#8243; _module_preset=&#8220;default&#8220; background_color=&#8220;rgba(214,214,214,0.35)&#8220; global_colors_info=&#8220;{}&#8220;][et_pb_row column_structure=&#8220;1_2,1_2&#8243; _builder_version=&#8220;4.17.6&#8243; _module_preset=&#8220;default&#8220; global_colors_info=&#8220;{}&#8220;][et_pb_column type=&#8220;1_2&#8243; _builder_version=&#8220;4.17.6&#8243; _module_preset=&#8220;default&#8220; global_colors_info=&#8220;{}&#8220;][et_pb_text _builder_version=&#8220;4.17.6&#8243; _module_preset=&#8220;default&#8220; global_colors_info=&#8220;{}&#8220;]<\/p>\n<h2>Alles f\u00fcr den Erfolg von&#8230;<\/h2>\n<p>[\/et_pb_text][et_pb_text _builder_version=&#8220;4.17.6&#8243; _module_preset=&#8220;default&#8220; global_colors_info=&#8220;{}&#8220;]<\/p>\n<h2 style=\"text-align: left;\"><strong>DJs\/DJanes<\/strong><\/h2>\n<p>[\/et_pb_text][et_pb_button button_text=&#8220;Alles f\u00fcr Deinen Erfolg&#8220; button_alignment=&#8220;center&#8220; _builder_version=&#8220;4.17.6&#8243; _module_preset=&#8220;default&#8220; custom_button=&#8220;on&#8220; button_text_color=&#8220;#FFFFFF&#8220; button_bg_color=&#8220;#FFFFFF&#8220; button_bg_use_color_gradient=&#8220;on&#8220; button_bg_color_gradient_direction=&#8220;170deg&#8220; button_bg_color_gradient_stops=&#8220;#b6a06f 44%|#000000 100%&#8220; button_border_width=&#8220;0px&#8220; button_border_color=&#8220;#b6a06f&#8220; button_border_radius=&#8220;50px&#8220; button_letter_spacing=&#8220;0px&#8220; button_use_icon=&#8220;off&#8220; transform_scale=&#8220;140%|140%&#8220; custom_margin=&#8220;319px||||false|false&#8220; animation_style=&#8220;flip&#8220; box_shadow_style=&#8220;preset2&#8243; global_colors_info=&#8220;{}&#8220;][\/et_pb_button][\/et_pb_column][et_pb_column type=&#8220;1_2&#8243; _builder_version=&#8220;4.17.6&#8243; _module_preset=&#8220;default&#8220; global_colors_info=&#8220;{}&#8220;][et_pb_image src=&#8220;https:\/\/erfolgs-tools.de\/wp-content\/uploads\/2022\/07\/ERFOLGS-TOOLS-DJ-DJANE-min-1.png&#8220; alt=&#8220;ERFOLGS-TOOLS.de &#8211; Erfolg ist machbar!&#8220; title_text=&#8220;ERFOLGS-TOOLS DJ-DJANE&#8220; _builder_version=&#8220;4.17.6&#8243; _module_preset=&#8220;default&#8220; animation_style=&#8220;slide&#8220; border_radii=&#8220;on|15px|15px|15px|15px&#8220; box_shadow_style=&#8220;preset2&#8243; box_shadow_color=&#8220;rgba(0,0,0,0.6)&#8220; global_colors_info=&#8220;{}&#8220;][\/et_pb_image][\/et_pb_column][\/et_pb_row][\/et_pb_section][et_pb_section fb_built=&#8220;1&#8243; _builder_version=&#8220;4.17.6&#8243; _module_preset=&#8220;default&#8220; global_colors_info=&#8220;{}&#8220;][et_pb_row column_structure=&#8220;1_2,1_2&#8243; _builder_version=&#8220;4.17.6&#8243; _module_preset=&#8220;default&#8220; global_colors_info=&#8220;{}&#8220;][et_pb_column type=&#8220;1_2&#8243; _builder_version=&#8220;4.17.6&#8243; _module_preset=&#8220;default&#8220; global_colors_info=&#8220;{}&#8220;][et_pb_image src=&#8220;https:\/\/erfolgs-tools.de\/wp-content\/uploads\/2022\/07\/ERFOLGS-TOOLS-FUER-MUSIKER_INNEN-min.png&#8220; alt=&#8220;ERFOLGS-TOOLS.de &#8211; Erfolg ist machbar!&#8220; title_text=&#8220;ERFOLGS-TOOLS FUER MUSIKER_INNEN&#8220; _builder_version=&#8220;4.17.6&#8243; _module_preset=&#8220;default&#8220; animation_style=&#8220;slide&#8220; border_radii=&#8220;on|15px|15px|15px|15px&#8220; box_shadow_style=&#8220;preset2&#8243; box_shadow_color=&#8220;rgba(0,0,0,0.6)&#8220; global_colors_info=&#8220;{}&#8220;][\/et_pb_image][\/et_pb_column][et_pb_column type=&#8220;1_2&#8243; _builder_version=&#8220;4.17.6&#8243; _module_preset=&#8220;default&#8220; global_colors_info=&#8220;{}&#8220;][et_pb_text _builder_version=&#8220;4.17.6&#8243; _module_preset=&#8220;default&#8220; global_colors_info=&#8220;{}&#8220;]<\/p>\n<h2>Alles f\u00fcr den Erfolg von&#8230;<\/h2>\n<p>[\/et_pb_text][et_pb_text _builder_version=&#8220;4.17.6&#8243; _module_preset=&#8220;default&#8220; global_colors_info=&#8220;{}&#8220;]<\/p>\n<h2 style=\"text-align: left;\"><strong>Musiker*innen<\/strong><\/h2>\n<p>[\/et_pb_text][et_pb_button button_text=&#8220;Alles f\u00fcr Deinen Erfolg&#8220; button_alignment=&#8220;center&#8220; _builder_version=&#8220;4.17.6&#8243; _module_preset=&#8220;default&#8220; custom_button=&#8220;on&#8220; button_text_color=&#8220;#FFFFFF&#8220; button_bg_color=&#8220;#FFFFFF&#8220; button_bg_use_color_gradient=&#8220;on&#8220; button_bg_color_gradient_direction=&#8220;170deg&#8220; button_bg_color_gradient_stops=&#8220;#b6a06f 44%|#000000 100%&#8220; button_border_width=&#8220;0px&#8220; button_border_color=&#8220;#b6a06f&#8220; button_border_radius=&#8220;50px&#8220; button_letter_spacing=&#8220;0px&#8220; button_use_icon=&#8220;off&#8220; transform_scale=&#8220;140%|140%&#8220; custom_margin=&#8220;319px||||false|false&#8220; animation_style=&#8220;flip&#8220; box_shadow_style=&#8220;preset2&#8243; global_colors_info=&#8220;{}&#8220;][\/et_pb_button][\/et_pb_column][\/et_pb_row][\/et_pb_section][et_pb_section fb_built=&#8220;1&#8243; _builder_version=&#8220;4.17.6&#8243; _module_preset=&#8220;default&#8220; background_color=&#8220;rgba(214,214,214,0.35)&#8220; global_colors_info=&#8220;{}&#8220;][et_pb_row column_structure=&#8220;1_2,1_2&#8243; _builder_version=&#8220;4.17.6&#8243; _module_preset=&#8220;default&#8220; global_colors_info=&#8220;{}&#8220;][et_pb_column type=&#8220;1_2&#8243; _builder_version=&#8220;4.17.6&#8243; _module_preset=&#8220;default&#8220; global_colors_info=&#8220;{}&#8220;][et_pb_text _builder_version=&#8220;4.17.6&#8243; _module_preset=&#8220;default&#8220; global_colors_info=&#8220;{}&#8220;]<\/p>\n<h2>Alles f\u00fcr den Erfolg von&#8230;<\/h2>\n<p>[\/et_pb_text][et_pb_text _builder_version=&#8220;4.17.6&#8243; _module_preset=&#8220;default&#8220; global_colors_info=&#8220;{}&#8220;]<\/p>\n<h2 style=\"text-align: left;\"><strong>Bands \/ Orchester<\/strong><\/h2>\n<p>[\/et_pb_text][et_pb_button button_text=&#8220;Alles f\u00fcr Deinen Erfolg&#8220; button_alignment=&#8220;center&#8220; _builder_version=&#8220;4.17.6&#8243; _module_preset=&#8220;default&#8220; custom_button=&#8220;on&#8220; button_text_color=&#8220;#FFFFFF&#8220; button_bg_color=&#8220;#FFFFFF&#8220; button_bg_use_color_gradient=&#8220;on&#8220; button_bg_color_gradient_direction=&#8220;170deg&#8220; button_bg_color_gradient_stops=&#8220;#b6a06f 44%|#000000 100%&#8220; button_border_width=&#8220;0px&#8220; button_border_color=&#8220;#b6a06f&#8220; button_border_radius=&#8220;50px&#8220; button_letter_spacing=&#8220;0px&#8220; button_use_icon=&#8220;off&#8220; transform_scale=&#8220;140%|140%&#8220; custom_margin=&#8220;319px||||false|false&#8220; animation_style=&#8220;flip&#8220; box_shadow_style=&#8220;preset2&#8243; global_colors_info=&#8220;{}&#8220;][\/et_pb_button][\/et_pb_column][et_pb_column type=&#8220;1_2&#8243; _builder_version=&#8220;4.17.6&#8243; _module_preset=&#8220;default&#8220; global_colors_info=&#8220;{}&#8220;][et_pb_image src=&#8220;https:\/\/erfolgs-tools.de\/wp-content\/uploads\/2022\/07\/ERFOLGS-TOOLS-FUeR-BANDS-min.png&#8220; alt=&#8220;ERFOLGS-TOOLS.de &#8211; Erfolg ist machbar!&#8220; title_text=&#8220;ERFOLGS-TOOLS FUER BANDS&#8220; _builder_version=&#8220;4.17.6&#8243; _module_preset=&#8220;default&#8220; animation_style=&#8220;slide&#8220; border_radii=&#8220;on|15px|15px|15px|15px&#8220; box_shadow_style=&#8220;preset2&#8243; box_shadow_color=&#8220;rgba(0,0,0,0.6)&#8220; global_colors_info=&#8220;{}&#8220;][\/et_pb_image][\/et_pb_column][\/et_pb_row][\/et_pb_section][et_pb_section fb_built=&#8220;1&#8243; _builder_version=&#8220;4.17.6&#8243; _module_preset=&#8220;default&#8220; global_colors_info=&#8220;{}&#8220;][et_pb_row column_structure=&#8220;1_2,1_2&#8243; _builder_version=&#8220;4.17.6&#8243; _module_preset=&#8220;default&#8220; global_colors_info=&#8220;{}&#8220;][et_pb_column type=&#8220;1_2&#8243; _builder_version=&#8220;4.17.6&#8243; _module_preset=&#8220;default&#8220; global_colors_info=&#8220;{}&#8220;][et_pb_image src=&#8220;https:\/\/erfolgs-tools.de\/wp-content\/uploads\/2022\/07\/ERFOLGS-TOOLS-FUER-ORCHESTER-min.png&#8220; alt=&#8220;ERFOLGS-TOOLS.de &#8211; Erfolg ist machbar!&#8220; title_text=&#8220;ERFOLGS-TOOLS FUER ORCHESTER&#8220; _builder_version=&#8220;4.17.6&#8243; _module_preset=&#8220;default&#8220; animation_style=&#8220;slide&#8220; border_radii=&#8220;on|15px|15px|15px|15px&#8220; box_shadow_style=&#8220;preset2&#8243; box_shadow_color=&#8220;rgba(0,0,0,0.6)&#8220; global_colors_info=&#8220;{}&#8220;][\/et_pb_image][\/et_pb_column][et_pb_column type=&#8220;1_2&#8243; _builder_version=&#8220;4.17.6&#8243; _module_preset=&#8220;default&#8220; global_colors_info=&#8220;{}&#8220;][et_pb_text _builder_version=&#8220;4.17.6&#8243; _module_preset=&#8220;default&#8220; global_colors_info=&#8220;{}&#8220;]<\/p>\n<h2>Alles f\u00fcr den Erfolg von&#8230;<\/h2>\n<p>[\/et_pb_text][et_pb_text _builder_version=&#8220;4.17.6&#8243; _module_preset=&#8220;default&#8220; global_colors_info=&#8220;{}&#8220;]<\/p>\n<h2 style=\"text-align: left;\"><strong>Bands \/ Orchester<\/strong><\/h2>\n<p>[\/et_pb_text][et_pb_button button_text=&#8220;Alles f\u00fcr Deinen Erfolg&#8220; button_alignment=&#8220;center&#8220; _builder_version=&#8220;4.17.6&#8243; _module_preset=&#8220;default&#8220; custom_button=&#8220;on&#8220; button_text_color=&#8220;#FFFFFF&#8220; button_bg_color=&#8220;#FFFFFF&#8220; button_bg_use_color_gradient=&#8220;on&#8220; button_bg_color_gradient_direction=&#8220;170deg&#8220; button_bg_color_gradient_stops=&#8220;#b6a06f 44%|#000000 100%&#8220; button_border_width=&#8220;0px&#8220; button_border_color=&#8220;#b6a06f&#8220; button_border_radius=&#8220;50px&#8220; button_letter_spacing=&#8220;0px&#8220; button_use_icon=&#8220;off&#8220; transform_scale=&#8220;140%|140%&#8220; custom_margin=&#8220;319px||||false|false&#8220; animation_style=&#8220;flip&#8220; box_shadow_style=&#8220;preset2&#8243; global_colors_info=&#8220;{}&#8220;][\/et_pb_button][\/et_pb_column][\/et_pb_row][\/et_pb_section][et_pb_section fb_built=&#8220;1&#8243; _builder_version=&#8220;4.17.6&#8243; _module_preset=&#8220;default&#8220; background_color=&#8220;rgba(214,214,214,0.35)&#8220; global_colors_info=&#8220;{}&#8220;][et_pb_row column_structure=&#8220;1_2,1_2&#8243; _builder_version=&#8220;4.17.6&#8243; _module_preset=&#8220;default&#8220; global_colors_info=&#8220;{}&#8220;][et_pb_column type=&#8220;1_2&#8243; _builder_version=&#8220;4.17.6&#8243; _module_preset=&#8220;default&#8220; global_colors_info=&#8220;{}&#8220;][et_pb_text _builder_version=&#8220;4.17.6&#8243; _module_preset=&#8220;default&#8220; global_colors_info=&#8220;{}&#8220;]<\/p>\n<h2>Alles f\u00fcr den Erfolg von&#8230;<\/h2>\n<p>[\/et_pb_text][et_pb_text _builder_version=&#8220;4.17.6&#8243; _module_preset=&#8220;default&#8220; global_colors_info=&#8220;{}&#8220;]<\/p>\n<h2 style=\"text-align: left;\"><strong>PODCASTER*INNEN<\/strong><\/h2>\n<p>[\/et_pb_text][et_pb_button button_text=&#8220;Alles f\u00fcr Deinen Erfolg&#8220; button_alignment=&#8220;center&#8220; _builder_version=&#8220;4.17.6&#8243; _module_preset=&#8220;default&#8220; custom_button=&#8220;on&#8220; button_text_color=&#8220;#FFFFFF&#8220; button_bg_color=&#8220;#FFFFFF&#8220; button_bg_use_color_gradient=&#8220;on&#8220; button_bg_color_gradient_direction=&#8220;170deg&#8220; button_bg_color_gradient_stops=&#8220;#b6a06f 44%|#000000 100%&#8220; button_border_width=&#8220;0px&#8220; button_border_color=&#8220;#b6a06f&#8220; button_border_radius=&#8220;50px&#8220; button_letter_spacing=&#8220;0px&#8220; button_use_icon=&#8220;off&#8220; transform_scale=&#8220;140%|140%&#8220; custom_margin=&#8220;319px||||false|false&#8220; animation_style=&#8220;flip&#8220; box_shadow_style=&#8220;preset2&#8243; global_colors_info=&#8220;{}&#8220;][\/et_pb_button][\/et_pb_column][et_pb_column type=&#8220;1_2&#8243; _builder_version=&#8220;4.17.6&#8243; _module_preset=&#8220;default&#8220; global_colors_info=&#8220;{}&#8220;][et_pb_image src=&#8220;https:\/\/erfolgs-tools.de\/wp-content\/uploads\/2022\/07\/ERFOLGS-TOOLS-PODCAST-min-1.png&#8220; alt=&#8220;ERFOLGS-TOOLS.de &#8211; Erfolg ist machbar!&#8220; title_text=&#8220;ERFOLGS-TOOLS FUER PODCASTER_INNEN&#8220; _builder_version=&#8220;4.17.6&#8243; _module_preset=&#8220;default&#8220; animation_style=&#8220;slide&#8220; border_radii=&#8220;on|15px|15px|15px|15px&#8220; box_shadow_style=&#8220;preset2&#8243; box_shadow_color=&#8220;rgba(0,0,0,0.6)&#8220; global_colors_info=&#8220;{}&#8220;][\/et_pb_image][\/et_pb_column][\/et_pb_row][\/et_pb_section][et_pb_section fb_built=&#8220;1&#8243; _builder_version=&#8220;4.17.6&#8243; _module_preset=&#8220;default&#8220; background_color=&#8220;#FFFFFF&#8220; global_colors_info=&#8220;{}&#8220;][et_pb_row column_structure=&#8220;1_2,1_2&#8243; _builder_version=&#8220;4.17.6&#8243; _module_preset=&#8220;default&#8220; global_colors_info=&#8220;{}&#8220;][et_pb_column type=&#8220;1_2&#8243; _builder_version=&#8220;4.17.6&#8243; _module_preset=&#8220;default&#8220; global_colors_info=&#8220;{}&#8220;][et_pb_image src=&#8220;https:\/\/erfolgs-tools.de\/wp-content\/uploads\/2022\/07\/ERFOLGS-TOOLS-ZAUBER-KUENSTLERINNEN-min-1.png&#8220; alt=&#8220;ERFOLGS-TOOLS.de &#8211; Erfolg ist machbar!&#8220; title_text=&#8220;ERFOLGS-TOOLS ZAUBER-KUENSTLER_INNEN&#8220; _builder_version=&#8220;4.17.6&#8243; _module_preset=&#8220;default&#8220; animation_style=&#8220;slide&#8220; border_radii=&#8220;on|15px|15px|15px|15px&#8220; box_shadow_style=&#8220;preset2&#8243; box_shadow_color=&#8220;rgba(0,0,0,0.6)&#8220; global_colors_info=&#8220;{}&#8220;][\/et_pb_image][\/et_pb_column][et_pb_column type=&#8220;1_2&#8243; _builder_version=&#8220;4.17.6&#8243; _module_preset=&#8220;default&#8220; global_colors_info=&#8220;{}&#8220;][et_pb_text _builder_version=&#8220;4.17.6&#8243; _module_preset=&#8220;default&#8220; global_colors_info=&#8220;{}&#8220;]<\/p>\n<h2>Alles f\u00fcr den Erfolg von&#8230;<\/h2>\n<p>[\/et_pb_text][et_pb_text _builder_version=&#8220;4.17.6&#8243; _module_preset=&#8220;default&#8220; global_colors_info=&#8220;{}&#8220;]<\/p>\n<h2 style=\"text-align: left;\"><strong>Zauber-K\u00fcnstler*innen<\/strong><\/h2>\n<p>[\/et_pb_text][et_pb_button button_text=&#8220;Alles f\u00fcr Deinen Erfolg&#8220; button_alignment=&#8220;center&#8220; _builder_version=&#8220;4.17.6&#8243; _module_preset=&#8220;default&#8220; custom_button=&#8220;on&#8220; button_text_color=&#8220;#FFFFFF&#8220; button_bg_color=&#8220;#FFFFFF&#8220; button_bg_use_color_gradient=&#8220;on&#8220; button_bg_color_gradient_direction=&#8220;170deg&#8220; button_bg_color_gradient_stops=&#8220;#b6a06f 44%|#000000 100%&#8220; button_border_width=&#8220;0px&#8220; button_border_color=&#8220;#b6a06f&#8220; button_border_radius=&#8220;50px&#8220; button_letter_spacing=&#8220;0px&#8220; button_use_icon=&#8220;off&#8220; transform_scale=&#8220;140%|140%&#8220; custom_margin=&#8220;319px||||false|false&#8220; animation_style=&#8220;flip&#8220; box_shadow_style=&#8220;preset2&#8243; global_colors_info=&#8220;{}&#8220;][\/et_pb_button][\/et_pb_column][\/et_pb_row][\/et_pb_section][et_pb_section fb_built=&#8220;1&#8243; _builder_version=&#8220;4.17.6&#8243; _module_preset=&#8220;default&#8220; global_colors_info=&#8220;{}&#8220;][et_pb_row _builder_version=&#8220;4.17.6&#8243; _module_preset=&#8220;default&#8220; global_colors_info=&#8220;{}&#8220;][et_pb_column type=&#8220;4_4&#8243; _builder_version=&#8220;4.17.6&#8243; _module_preset=&#8220;default&#8220; global_colors_info=&#8220;{}&#8220;][et_pb_text _builder_version=&#8220;4.17.6&#8243; _module_preset=&#8220;default&#8220; global_colors_info=&#8220;{}&#8220;]<\/p>\n<p style=\"text-align: center;\"><a href=\"https:\/\/www.stiller-entertainment.de\/impressum\/\" target=\"_blank\" rel=\"noopener\" title=\"Impressum\">Impressum \/ <\/a><a href=\"https:\/\/www.stiller-entertainment.de\/datenschutzerklaerung\/\" target=\"_blank\" rel=\"noopener\" title=\"Datenschutzerkl\u00e4rung\">Datenschutzerkl\u00e4rung<\/a><a href=\"https:\/\/www.stiller-entertainment.de\/impressum\/\" target=\"_blank\" rel=\"noopener\" title=\"Impressum\"><\/a><\/p>\n<p>[\/et_pb_text][et_pb_text _builder_version=&#8220;4.17.6&#8243; _module_preset=&#8220;default&#8220; global_colors_info=&#8220;{}&#8220;][\/et_pb_text][\/et_pb_column][\/et_pb_row][\/et_pb_section]<\/p>\n","protected":false},"excerpt":{"rendered":"<p>Alles f\u00fcr den Erfolg von&#8230;Speaker*innen \/ Redner*innenAlles f\u00fcr den Erfolg von&#8230;Trainer*innenAlles f\u00fcr den Erfolg von&#8230;Komiker*innen \/ Kabarettist*innenAlles f\u00fcr den Erfolg von&#8230;DJs\/DJanesAlles f\u00fcr den Erfolg von&#8230;Musiker*innenAlles f\u00fcr den Erfolg von&#8230;Bands \/ OrchesterAlles f\u00fcr den Erfolg von&#8230;Bands \/ OrchesterAlles f\u00fcr den Erfolg von&#8230;PODCASTER*INNENAlles f\u00fcr den Erfolg von&#8230;Zauber-K\u00fcnstler*innenImpressum \/ Datenschutzerkl\u00e4rung<\/p>\n","protected":false},"author":1,"featured_media":0,"parent":0,"menu_order":0,"comment_status":"closed","ping_status":"closed","template":"","meta":{"_et_pb_use_builder":"on","_et_pb_old_content":"","_et_gb_content_width":"","footnotes":""},"class_list":["post-43","page","type-page","status-publish","hentry"],"_links":{"self":[{"href":"https:\/\/erfolgs-tools.de\/index.php?rest_route=\/wp\/v2\/pages\/43","targetHints":{"allow":["GET"]}}],"collection":[{"href":"https:\/\/erfolgs-tools.de\/index.php?rest_route=\/wp\/v2\/pages"}],"about":[{"href":"https:\/\/erfolgs-tools.de\/index.php?rest_route=\/wp\/v2\/types\/page"}],"author":[{"embeddable":true,"href":"https:\/\/erfolgs-tools.de\/index.php?rest_route=\/wp\/v2\/users\/1"}],"replies":[{"embeddable":true,"href":"https:\/\/erfolgs-tools.de\/index.php?rest_route=%2Fwp%2Fv2%2Fcomments&post=43"}],"version-history":[{"count":9,"href":"https:\/\/erfolgs-tools.de\/index.php?rest_route=\/wp\/v2\/pages\/43\/revisions"}],"predecessor-version":[{"id":109,"href":"https:\/\/erfolgs-tools.de\/index.php?rest_route=\/wp\/v2\/pages\/43\/revisions\/109"}],"wp:attachment":[{"href":"https:\/\/erfolgs-tools.de\/index.php?rest_route=%2Fwp%2Fv2%2Fmedia&parent=43"}],"curies":[{"name":"wp","href":"https:\/\/api.w.org\/{rel}","templated":true}]}}